{"id":11,"date":"2024-06-15T22:27:10","date_gmt":"2024-06-15T20:27:10","guid":{"rendered":"https:\/\/tinysystems.fr\/?page_id=11"},"modified":"2024-06-15T22:27:10","modified_gmt":"2024-06-15T20:27:10","slug":"renard-cubique","status":"publish","type":"page","link":"https:\/\/tinysystems.fr\/index.php\/renard-cubique\/","title":{"rendered":"Renard Cubique"},"content":{"rendered":"\n<p>Le Renard Cubique inspir\u00e9 de Minecraft ^^<\/p>\n\n\n\n<p><strong>Caract\u00e9ristiques :<\/strong><\/p>\n\n\n\n<p>Dimensions approximatives : 19,5 cm (L) X 11,5 cm (P) X 8 cm (H)<\/p>\n\n\n\n<p>Eclairage \u00e0 LED aliment\u00e9 par USB-C<\/p>\n\n\n\n<p>C\u00e2ble USB vers USB-C de 1 m\u00e8tre blanc fourni<\/p>\n\n\n\n<figure class=\"wp-block-gallery has-nested-images columns-default is-cropped wp-block-gallery-1 is-layout-flex wp-block-gallery-is-layout-flex\">\n<figure class=\"wp-block-image size-large\"><img loading=\"lazy\" decoding=\"async\" width=\"1024\" height=\"768\" data-id=\"17\" src=\"https:\/\/tinysystems.fr\/wp-content\/uploads\/2024\/06\/1-1024x768.jpg\" alt=\"\" class=\"wp-image-17\" srcset=\"https:\/\/tinysystems.fr\/wp-content\/uploads\/2024\/06\/1-1024x768.jpg 1024w, https:\/\/tinysystems.fr\/wp-content\/uploads\/2024\/06\/1-300x225.jpg 300w, https:\/\/tinysystems.fr\/wp-content\/uploads\/2024\/06\/1-768x576.jpg 768w, https:\/\/tinysystems.fr\/wp-content\/uploads\/2024\/06\/1-1536x1152.jpg 1536w, https:\/\/tinysystems.fr\/wp-content\/uploads\/2024\/06\/1-2048x1536.jpg 2048w\" sizes=\"auto, (max-width: 1024px) 100vw, 1024px\" \/><\/figure>\n\n\n\n<figure class=\"wp-block-image size-large\"><img loading=\"lazy\" decoding=\"async\" width=\"1024\" height=\"768\" data-id=\"15\" src=\"https:\/\/tinysystems.fr\/wp-content\/uploads\/2024\/06\/2-1024x768.jpg\" alt=\"\" class=\"wp-image-15\" srcset=\"https:\/\/tinysystems.fr\/wp-content\/uploads\/2024\/06\/2-1024x768.jpg 1024w, https:\/\/tinysystems.fr\/wp-content\/uploads\/2024\/06\/2-300x225.jpg 300w, https:\/\/tinysystems.fr\/wp-content\/uploads\/2024\/06\/2-768x576.jpg 768w, https:\/\/tinysystems.fr\/wp-content\/uploads\/2024\/06\/2-1536x1152.jpg 1536w, https:\/\/tinysystems.fr\/wp-content\/uploads\/2024\/06\/2-2048x1536.jpg 2048w\" sizes=\"auto, (max-width: 1024px) 100vw, 1024px\" \/><\/figure>\n\n\n\n<figure class=\"wp-block-image size-large\"><img loading=\"lazy\" decoding=\"async\" width=\"1024\" height=\"768\" data-id=\"16\" src=\"https:\/\/tinysystems.fr\/wp-content\/uploads\/2024\/06\/3-1024x768.jpg\" alt=\"\" class=\"wp-image-16\" srcset=\"https:\/\/tinysystems.fr\/wp-content\/uploads\/2024\/06\/3-1024x768.jpg 1024w, https:\/\/tinysystems.fr\/wp-content\/uploads\/2024\/06\/3-300x225.jpg 300w, https:\/\/tinysystems.fr\/wp-content\/uploads\/2024\/06\/3-768x576.jpg 768w, https:\/\/tinysystems.fr\/wp-content\/uploads\/2024\/06\/3-1536x1152.jpg 1536w, https:\/\/tinysystems.fr\/wp-content\/uploads\/2024\/06\/3-2048x1536.jpg 2048w\" sizes=\"auto, (max-width: 1024px) 100vw, 1024px\" \/><\/figure>\n\n\n\n<figure class=\"wp-block-image size-large\"><img loading=\"lazy\" decoding=\"async\" width=\"768\" height=\"1024\" data-id=\"20\" src=\"https:\/\/tinysystems.fr\/wp-content\/uploads\/2024\/06\/4-1-768x1024.jpg\" alt=\"\" class=\"wp-image-20\" srcset=\"https:\/\/tinysystems.fr\/wp-content\/uploads\/2024\/06\/4-1-768x1024.jpg 768w, https:\/\/tinysystems.fr\/wp-content\/uploads\/2024\/06\/4-1-225x300.jpg 225w, https:\/\/tinysystems.fr\/wp-content\/uploads\/2024\/06\/4-1-1152x1536.jpg 1152w, https:\/\/tinysystems.fr\/wp-content\/uploads\/2024\/06\/4-1-1536x2048.jpg 1536w, https:\/\/tinysystems.fr\/wp-content\/uploads\/2024\/06\/4-1-scaled.jpg 1920w\" sizes=\"auto, (max-width: 768px) 100vw, 768px\" \/><\/figure>\n\n\n\n<figure class=\"wp-block-image size-large\"><img loading=\"lazy\" decoding=\"async\" width=\"1024\" height=\"768\" data-id=\"14\" src=\"https:\/\/tinysystems.fr\/wp-content\/uploads\/2024\/06\/5-1024x768.jpg\" alt=\"\" class=\"wp-image-14\" srcset=\"https:\/\/tinysystems.fr\/wp-content\/uploads\/2024\/06\/5-1024x768.jpg 1024w, https:\/\/tinysystems.fr\/wp-content\/uploads\/2024\/06\/5-300x225.jpg 300w, https:\/\/tinysystems.fr\/wp-content\/uploads\/2024\/06\/5-768x576.jpg 768w, https:\/\/tinysystems.fr\/wp-content\/uploads\/2024\/06\/5-1536x1152.jpg 1536w, https:\/\/tinysystems.fr\/wp-content\/uploads\/2024\/06\/5-2048x1536.jpg 2048w\" sizes=\"auto, (max-width: 1024px) 100vw, 1024px\" \/><\/figure>\n\n\n\n<figure class=\"wp-block-image size-large\"><img loading=\"lazy\" decoding=\"async\" width=\"1024\" height=\"768\" data-id=\"19\" src=\"https:\/\/tinysystems.fr\/wp-content\/uploads\/2024\/06\/6-1-1024x768.jpg\" alt=\"\" class=\"wp-image-19\" srcset=\"https:\/\/tinysystems.fr\/wp-content\/uploads\/2024\/06\/6-1-1024x768.jpg 1024w, https:\/\/tinysystems.fr\/wp-content\/uploads\/2024\/06\/6-1-300x225.jpg 300w, https:\/\/tinysystems.fr\/wp-content\/uploads\/2024\/06\/6-1-768x576.jpg 768w, https:\/\/tinysystems.fr\/wp-content\/uploads\/2024\/06\/6-1-1536x1152.jpg 1536w, https:\/\/tinysystems.fr\/wp-content\/uploads\/2024\/06\/6-1-2048x1536.jpg 2048w\" sizes=\"auto, (max-width: 1024px) 100vw, 1024px\" \/><\/figure>\n<\/figure>\n","protected":false},"excerpt":{"rendered":"<p>Le Renard Cubique inspir\u00e9 de Minecraft ^^ Caract\u00e9ristiques : Dimensions approximatives : 19,5 cm (L) X 11,5 cm (P) X 8 cm (H) Eclairage \u00e0 LED aliment\u00e9 par USB-C C\u00e2ble USB vers USB-C de 1 m\u00e8tre blanc fourni<\/p>\n","protected":false},"author":1,"featured_media":0,"parent":0,"menu_order":0,"comment_status":"closed","ping_status":"closed","template":"","meta":{"footnotes":""},"class_list":["post-11","page","type-page","status-publish","hentry"],"_links":{"self":[{"href":"https:\/\/tinysystems.fr\/index.php\/wp-json\/wp\/v2\/pages\/11","targetHints":{"allow":["GET"]}}],"collection":[{"href":"https:\/\/tinysystems.fr\/index.php\/wp-json\/wp\/v2\/pages"}],"about":[{"href":"https:\/\/tinysystems.fr\/index.php\/wp-json\/wp\/v2\/types\/page"}],"author":[{"embeddable":true,"href":"https:\/\/tinysystems.fr\/index.php\/wp-json\/wp\/v2\/users\/1"}],"replies":[{"embeddable":true,"href":"https:\/\/tinysystems.fr\/index.php\/wp-json\/wp\/v2\/comments?post=11"}],"version-history":[{"count":1,"href":"https:\/\/tinysystems.fr\/index.php\/wp-json\/wp\/v2\/pages\/11\/revisions"}],"predecessor-version":[{"id":21,"href":"https:\/\/tinysystems.fr\/index.php\/wp-json\/wp\/v2\/pages\/11\/revisions\/21"}],"wp:attachment":[{"href":"https:\/\/tinysystems.fr\/index.php\/wp-json\/wp\/v2\/media?parent=11"}],"curies":[{"name":"wp","href":"https:\/\/api.w.org\/{rel}","templated":true}]}}